{"id":1297,"date":"2024-10-06T06:34:50","date_gmt":"2024-10-06T06:34:50","guid":{"rendered":"https:\/\/villableuelespins.fr\/artikel\/"},"modified":"2026-03-04T15:29:19","modified_gmt":"2026-03-04T15:29:19","slug":"artikel","status":"publish","type":"page","link":"https:\/\/villableuelespins.fr\/de\/artikel\/","title":{"rendered":"Artikel"},"content":{"rendered":"\t\t<div data-elementor-type=\"wp-page\" data-elementor-id=\"1297\" class=\"elementor elementor-1297 elementor-970\" data-elementor-post-type=\"page\">\n\t\t\t\t\t\t<section class=\"elementor-section elementor-top-section elementor-element elementor-element-03c1f58 elementor-section-boxed elementor-section-height-default elementor-section-height-default wpr-particle-no wpr-jarallax-no wpr-parallax-no wpr-sticky-section-no wpr-equal-height-no elementor-invisible\" data-id=\"03c1f58\" data-element_type=\"section\" data-e-type=\"section\" data-settings=\"{&quot;background_background&quot;:&quot;slideshow&quot;,&quot;background_slideshow_gallery&quot;:[{&quot;id&quot;:1299,&quot;url&quot;:&quot;https:\\\/\\\/villableuelespins.fr\\\/wp-content\\\/uploads\\\/2024\\\/04\\\/JARDIN-VUE-MAISON-scaled.jpg&quot;},{&quot;id&quot;:1300,&quot;url&quot;:&quot;https:\\\/\\\/villableuelespins.fr\\\/wp-content\\\/uploads\\\/2024\\\/05\\\/DSC_0354-scaled.jpg&quot;}],&quot;background_slideshow_ken_burns&quot;:&quot;yes&quot;,&quot;animation&quot;:&quot;fadeIn&quot;,&quot;background_slideshow_loop&quot;:&quot;yes&quot;,&quot;background_slideshow_slide_duration&quot;:5000,&quot;background_slideshow_slide_transition&quot;:&quot;fade&quot;,&quot;background_slideshow_transition_duration&quot;:500,&quot;background_slideshow_ken_burns_zoom_direction&quot;:&quot;in&quot;}\">\n\t\t\t\t\t\t\t<div class=\"elementor-background-overlay\"><\/div>\n\t\t\t\t\t\t\t<div class=\"elementor-container elementor-column-gap-default\">\n\t\t\t\t\t<div class=\"elementor-column elementor-col-100 elementor-top-column elementor-element elementor-element-bf1623f\" data-id=\"bf1623f\" data-element_type=\"column\" data-e-type=\"column\">\n\t\t\t<div class=\"elementor-widget-wrap elementor-element-populated\">\n\t\t\t\t\t\t<div class=\"elementor-element elementor-element-9382d85 elementor-invisible elementor-widget elementor-widget-heading\" data-id=\"9382d85\" data-element_type=\"widget\" data-e-type=\"widget\" data-settings=\"{&quot;_animation&quot;:&quot;fadeInUp&quot;}\" data-widget_type=\"heading.default\">\n\t\t\t\t<div class=\"elementor-widget-container\">\n\t\t\t\t\t<h1 class=\"elementor-heading-title elementor-size-default\">Artikel<\/h1>\t\t\t\t<\/div>\n\t\t\t\t<\/div>\n\t\t\t\t\t<\/div>\n\t\t<\/div>\n\t\t\t\t\t<\/div>\n\t\t<\/section>\n\t\t<div class=\"elementor-element elementor-element-fe96882 e-flex e-con-boxed wpr-particle-no wpr-jarallax-no wpr-parallax-no wpr-sticky-section-no wpr-equal-height-no e-con e-parent\" data-id=\"fe96882\" data-element_type=\"container\" data-e-type=\"container\">\n\t\t\t\t\t<div class=\"e-con-inner\">\n\t\t\t\t<div class=\"elementor-element elementor-element-aeeb1d0 elementor-widget elementor-widget-template\" data-id=\"aeeb1d0\" data-element_type=\"widget\" data-e-type=\"widget\" data-widget_type=\"template.default\">\n\t\t\t\t<div class=\"elementor-widget-container\">\n\t\t\t\t\t\t\t<div class=\"elementor-template\">\n\t\t\t\t\t<div data-elementor-type=\"section\" data-elementor-id=\"1329\" class=\"elementor elementor-1329 elementor-605 elementor-605\" data-elementor-post-type=\"elementor_library\">\n\t\t\t<div class=\"elementor-element elementor-element-909c53f e-con-full e-flex wpr-particle-no wpr-jarallax-no wpr-parallax-no wpr-sticky-section-no wpr-equal-height-no e-con e-parent\" data-id=\"909c53f\" data-element_type=\"container\" data-e-type=\"container\">\n\t\t\t\t<div class=\"elementor-element elementor-element-06bfc02 elementor-invisible elementor-widget elementor-widget-heading\" data-id=\"06bfc02\" data-element_type=\"widget\" data-e-type=\"widget\" data-settings=\"{&quot;_animation&quot;:&quot;fadeInUp&quot;}\" data-widget_type=\"heading.default\">\n\t\t\t\t<div class=\"elementor-widget-container\">\n\t\t\t\t\t<h2 class=\"elementor-heading-title elementor-size-default\">Neueste Beitr\u00e4ge<\/h2>\t\t\t\t<\/div>\n\t\t\t\t<\/div>\n\t\t\t\t<\/div>\n\t\t\t\t<\/div>\n\t\t\t\t<\/div>\n\t\t\t\t\t\t<\/div>\n\t\t\t\t<\/div>\n\t\t\t\t\t<\/div>\n\t\t\t\t<\/div>\n\t\t<div class=\"elementor-element elementor-element-f81b235 e-flex e-con-boxed wpr-particle-no wpr-jarallax-no wpr-parallax-no wpr-sticky-section-no wpr-equal-height-no e-con e-parent\" data-id=\"f81b235\" data-element_type=\"container\" data-e-type=\"container\">\n\t\t\t\t\t<div class=\"e-con-inner\">\n\t\t\t\t<div class=\"elementor-element elementor-element-d0d632c elementor-widget elementor-widget-template\" data-id=\"d0d632c\" data-element_type=\"widget\" data-e-type=\"widget\" data-widget_type=\"template.default\">\n\t\t\t\t<div class=\"elementor-widget-container\">\n\t\t\t\t\t\t\t<div class=\"elementor-template\">\n\t\t\t\t\t<div data-elementor-type=\"section\" data-elementor-id=\"1326\" class=\"elementor elementor-1326 elementor-370 elementor-370\" data-elementor-post-type=\"elementor_library\">\n\t\t\t<div class=\"elementor-element elementor-element-87fe905 e-con-full e-flex wpr-particle-no wpr-jarallax-no wpr-parallax-no wpr-sticky-section-no wpr-equal-height-no e-con e-parent\" data-id=\"87fe905\" data-element_type=\"container\" data-e-type=\"container\">\n\t\t<div class=\"elementor-element elementor-element-5a659fd e-con-full e-flex wpr-particle-no wpr-jarallax-no wpr-parallax-no wpr-sticky-section-no wpr-equal-height-no e-con e-child\" data-id=\"5a659fd\" data-element_type=\"container\" data-e-type=\"container\">\n\t\t\t\t<div class=\"elementor-element elementor-element-b25996d elementor-invisible elementor-widget elementor-widget-image\" data-id=\"b25996d\" data-element_type=\"widget\" data-e-type=\"widget\" data-settings=\"{&quot;_animation&quot;:&quot;fadeInUp&quot;}\" data-widget_type=\"image.default\">\n\t\t\t\t<div class=\"elementor-widget-container\">\n\t\t\t\t\t\t\t\t\t\t\t\t\t\t\t<img decoding=\"async\" src=\"https:\/\/villableuelespins.fr\/wp-content\/uploads\/elementor\/thumbs\/DSC_0354-scaled-qv9ol7nc82s6cmwiapirhensmdny3kr0gdva8xabu8.jpg\" title=\"DSC_0354\" alt=\"DSC_0354\" loading=\"lazy\" \/>\t\t\t\t\t\t\t\t\t\t\t\t\t\t\t<\/div>\n\t\t\t\t<\/div>\n\t\t\t\t<\/div>\n\t\t<div class=\"elementor-element elementor-element-3f2b5a1 e-con-full e-flex wpr-particle-no wpr-jarallax-no wpr-parallax-no wpr-sticky-section-no wpr-equal-height-no e-con e-child\" data-id=\"3f2b5a1\" data-element_type=\"container\" data-e-type=\"container\">\n\t\t\t\t<div class=\"elementor-element elementor-element-b63f653 elementor-invisible elementor-widget elementor-widget-heading\" data-id=\"b63f653\" data-element_type=\"widget\" data-e-type=\"widget\" data-settings=\"{&quot;_animation&quot;:&quot;fadeInUp&quot;}\" data-widget_type=\"heading.default\">\n\t\t\t\t<div class=\"elementor-widget-container\">\n\t\t\t\t\t<h2 class=\"elementor-heading-title elementor-size-default\">H\u00e4ufig gestellte Fragen<\/h2>\t\t\t\t<\/div>\n\t\t\t\t<\/div>\n\t\t\t\t<div class=\"elementor-element elementor-element-dfddf6a elementor-invisible elementor-widget elementor-widget-elementskit-accordion\" data-id=\"dfddf6a\" data-element_type=\"widget\" data-e-type=\"widget\" data-settings=\"{&quot;_animation&quot;:&quot;fadeInUp&quot;}\" data-widget_type=\"elementskit-accordion.default\">\n\t\t\t\t<div class=\"elementor-widget-container\">\n\t\t\t\t\t<div class=\"ekit-wid-con\" >\n        <div class=\"elementskit-accordion accoedion-primary\" id=\"accordion-69e615924cb3b\">\n\n            \n                <div class=\"elementskit-card active\">\n                    <div class=\"elementskit-card-header\" id=\"primaryHeading-0-dfddf6a\">\n                        <a href=\"#collapse-b166a9869e615924cb3b\" class=\"ekit-accordion--toggler elementskit-btn-link collapsed\" data-ekit-toggle=\"collapse\" data-target=\"#Collapse-b166a9869e615924cb3b\" aria-expanded=\"true\" aria-controls=\"Collapse-b166a9869e615924cb3b\">\n                            \n                            <span class=\"ekit-accordion-title\">Wie lauten die Check-in- und Check-out-Zeiten?<\/span>\n\n                            \n                                <div class=\"ekit_accordion_icon_group\">\n                                    <div class=\"ekit_accordion_normal_icon\">\n                                        <!-- Normal Icon -->\n\t\t\t\t\t\t\t\t\t\t<i class=\"icon icon-plus\"><\/i>                                    <\/div>\n\n                                    <div class=\"ekit_accordion_active_icon\">\n                                        <!-- Active Icon -->\n\t\t\t\t\t\t\t\t\t\t<i class=\"icon icon-minus\"><\/i>                                    <\/div>\n                                <\/div>\n\n                            \n                                                    <\/a>\n                    <\/div>\n\n                    <div id=\"Collapse-b166a9869e615924cb3b\" class=\" show collapse\" aria-labelledby=\"primaryHeading-0-dfddf6a\" data-parent=\"#accordion-69e615924cb3b\">\n\n                        <div class=\"elementskit-card-body ekit-accordion--content\">\n                            <p>Der Check-in erfolgt ab 17:00 Uhr und der Check-out vor 11:00 Uhr. F\u00fcr einen fr\u00fcheren Check-in kontaktieren Sie uns bitte. <\/p>\n                        <\/div>\n\n                    <\/div>\n\n                <\/div><!-- .elementskit-card END -->\n\n                \n                <div class=\"elementskit-card \">\n                    <div class=\"elementskit-card-header\" id=\"primaryHeading-1-dfddf6a\">\n                        <a href=\"#collapse-3efd49e69e615924cb3b\" class=\"ekit-accordion--toggler elementskit-btn-link collapsed\" data-ekit-toggle=\"collapse\" data-target=\"#Collapse-3efd49e69e615924cb3b\" aria-expanded=\"false\" aria-controls=\"Collapse-3efd49e69e615924cb3b\">\n                            \n                            <span class=\"ekit-accordion-title\">Gibt es einen Parkplatz?<\/span>\n\n                            \n                                <div class=\"ekit_accordion_icon_group\">\n                                    <div class=\"ekit_accordion_normal_icon\">\n                                        <!-- Normal Icon -->\n\t\t\t\t\t\t\t\t\t\t<i class=\"icon icon-plus\"><\/i>                                    <\/div>\n\n                                    <div class=\"ekit_accordion_active_icon\">\n                                        <!-- Active Icon -->\n\t\t\t\t\t\t\t\t\t\t<i class=\"icon icon-minus\"><\/i>                                    <\/div>\n                                <\/div>\n\n                            \n                                                    <\/a>\n                    <\/div>\n\n                    <div id=\"Collapse-3efd49e69e615924cb3b\" class=\" collapse\" aria-labelledby=\"primaryHeading-1-dfddf6a\" data-parent=\"#accordion-69e615924cb3b\">\n\n                        <div class=\"elementskit-card-body ekit-accordion--content\">\n                            <p class=\"p1\">Ja, f\u00fcr jedes Zimmer ist ein Parkplatz vorgesehen.<\/p>\n                        <\/div>\n\n                    <\/div>\n\n                <\/div><!-- .elementskit-card END -->\n\n                \n                <div class=\"elementskit-card \">\n                    <div class=\"elementskit-card-header\" id=\"primaryHeading-2-dfddf6a\">\n                        <a href=\"#collapse-a0ef0a169e615924cb3b\" class=\"ekit-accordion--toggler elementskit-btn-link collapsed\" data-ekit-toggle=\"collapse\" data-target=\"#Collapse-a0ef0a169e615924cb3b\" aria-expanded=\"false\" aria-controls=\"Collapse-a0ef0a169e615924cb3b\">\n                            \n                            <span class=\"ekit-accordion-title\">Ist das Fr\u00fchst\u00fcck inbegriffen?<\/span>\n\n                            \n                                <div class=\"ekit_accordion_icon_group\">\n                                    <div class=\"ekit_accordion_normal_icon\">\n                                        <!-- Normal Icon -->\n\t\t\t\t\t\t\t\t\t\t<i class=\"icon icon-plus\"><\/i>                                    <\/div>\n\n                                    <div class=\"ekit_accordion_active_icon\">\n                                        <!-- Active Icon -->\n\t\t\t\t\t\t\t\t\t\t<i class=\"icon icon-minus\"><\/i>                                    <\/div>\n                                <\/div>\n\n                            \n                                                    <\/a>\n                    <\/div>\n\n                    <div id=\"Collapse-a0ef0a169e615924cb3b\" class=\" collapse\" aria-labelledby=\"primaryHeading-2-dfddf6a\" data-parent=\"#accordion-69e615924cb3b\">\n\n                        <div class=\"elementskit-card-body ekit-accordion--content\">\n                            <p>Ja, ein k\u00f6stliches Fr\u00fchst\u00fcck ist im Zimmerpreis enthalten.<\/p>\n                        <\/div>\n\n                    <\/div>\n\n                <\/div><!-- .elementskit-card END -->\n\n                \n                <div class=\"elementskit-card \">\n                    <div class=\"elementskit-card-header\" id=\"primaryHeading-3-dfddf6a\">\n                        <a href=\"#collapse-d96951f69e615924cb3b\" class=\"ekit-accordion--toggler elementskit-btn-link collapsed\" data-ekit-toggle=\"collapse\" data-target=\"#Collapse-d96951f69e615924cb3b\" aria-expanded=\"false\" aria-controls=\"Collapse-d96951f69e615924cb3b\">\n                            \n                            <span class=\"ekit-accordion-title\"> Verf\u00fcgt das G\u00e4stehaus \u00fcber WLAN?<\/span>\n\n                            \n                                <div class=\"ekit_accordion_icon_group\">\n                                    <div class=\"ekit_accordion_normal_icon\">\n                                        <!-- Normal Icon -->\n\t\t\t\t\t\t\t\t\t\t<i class=\"icon icon-plus\"><\/i>                                    <\/div>\n\n                                    <div class=\"ekit_accordion_active_icon\">\n                                        <!-- Active Icon -->\n\t\t\t\t\t\t\t\t\t\t<i class=\"icon icon-minus\"><\/i>                                    <\/div>\n                                <\/div>\n\n                            \n                                                    <\/a>\n                    <\/div>\n\n                    <div id=\"Collapse-d96951f69e615924cb3b\" class=\" collapse\" aria-labelledby=\"primaryHeading-3-dfddf6a\" data-parent=\"#accordion-69e615924cb3b\">\n\n                        <div class=\"elementskit-card-body ekit-accordion--content\">\n                            <p>Ja, wir bieten kostenloses WLAN in allen Zimmern und Gemeinschaftsbereichen.<\/p>\n                        <\/div>\n\n                    <\/div>\n\n                <\/div><!-- .elementskit-card END -->\n\n                \n                <div class=\"elementskit-card \">\n                    <div class=\"elementskit-card-header\" id=\"primaryHeading-4-dfddf6a\">\n                        <a href=\"#collapse-e0bd20369e615924cb3b\" class=\"ekit-accordion--toggler elementskit-btn-link collapsed\" data-ekit-toggle=\"collapse\" data-target=\"#Collapse-e0bd20369e615924cb3b\" aria-expanded=\"false\" aria-controls=\"Collapse-e0bd20369e615924cb3b\">\n                            \n                            <span class=\"ekit-accordion-title\">Verf\u00fcgen die Zimmer \u00fcber ein eigenes Bad?<\/span>\n\n                            \n                                <div class=\"ekit_accordion_icon_group\">\n                                    <div class=\"ekit_accordion_normal_icon\">\n                                        <!-- Normal Icon -->\n\t\t\t\t\t\t\t\t\t\t<i class=\"icon icon-plus\"><\/i>                                    <\/div>\n\n                                    <div class=\"ekit_accordion_active_icon\">\n                                        <!-- Active Icon -->\n\t\t\t\t\t\t\t\t\t\t<i class=\"icon icon-minus\"><\/i>                                    <\/div>\n                                <\/div>\n\n                            \n                                                    <\/a>\n                    <\/div>\n\n                    <div id=\"Collapse-e0bd20369e615924cb3b\" class=\" collapse\" aria-labelledby=\"primaryHeading-4-dfddf6a\" data-parent=\"#accordion-69e615924cb3b\">\n\n                        <div class=\"elementskit-card-body ekit-accordion--content\">\n                            <p>Ja, alle unsere Zimmer verf\u00fcgen \u00fcber ein eigenes Bad.<\/p>\n                        <\/div>\n\n                    <\/div>\n\n                <\/div><!-- .elementskit-card END -->\n\n                \n                <div class=\"elementskit-card \">\n                    <div class=\"elementskit-card-header\" id=\"primaryHeading-5-dfddf6a\">\n                        <a href=\"#collapse-d1d77f669e615924cb3b\" class=\"ekit-accordion--toggler elementskit-btn-link collapsed\" data-ekit-toggle=\"collapse\" data-target=\"#Collapse-d1d77f669e615924cb3b\" aria-expanded=\"false\" aria-controls=\"Collapse-d1d77f669e615924cb3b\">\n                            \n                            <span class=\"ekit-accordion-title\">Sind die Zimmer klimatisiert?<\/span>\n\n                            \n                                <div class=\"ekit_accordion_icon_group\">\n                                    <div class=\"ekit_accordion_normal_icon\">\n                                        <!-- Normal Icon -->\n\t\t\t\t\t\t\t\t\t\t<i class=\"icon icon-plus\"><\/i>                                    <\/div>\n\n                                    <div class=\"ekit_accordion_active_icon\">\n                                        <!-- Active Icon -->\n\t\t\t\t\t\t\t\t\t\t<i class=\"icon icon-minus\"><\/i>                                    <\/div>\n                                <\/div>\n\n                            \n                                                    <\/a>\n                    <\/div>\n\n                    <div id=\"Collapse-d1d77f669e615924cb3b\" class=\" collapse\" aria-labelledby=\"primaryHeading-5-dfddf6a\" data-parent=\"#accordion-69e615924cb3b\">\n\n                        <div class=\"elementskit-card-body ekit-accordion--content\">\n                            <p>Ja, alle unsere Zimmer sind f\u00fcr Ihren Komfort klimatisiert.<\/p>\n                        <\/div>\n\n                    <\/div>\n\n                <\/div><!-- .elementskit-card END -->\n\n                \n                <div class=\"elementskit-card \">\n                    <div class=\"elementskit-card-header\" id=\"primaryHeading-6-dfddf6a\">\n                        <a href=\"#collapse-451f67f69e615924cb3b\" class=\"ekit-accordion--toggler elementskit-btn-link collapsed\" data-ekit-toggle=\"collapse\" data-target=\"#Collapse-451f67f69e615924cb3b\" aria-expanded=\"false\" aria-controls=\"Collapse-451f67f69e615924cb3b\">\n                            \n                            <span class=\"ekit-accordion-title\">Sind Haustiere erlaubt?<\/span>\n\n                            \n                                <div class=\"ekit_accordion_icon_group\">\n                                    <div class=\"ekit_accordion_normal_icon\">\n                                        <!-- Normal Icon -->\n\t\t\t\t\t\t\t\t\t\t<i class=\"icon icon-plus\"><\/i>                                    <\/div>\n\n                                    <div class=\"ekit_accordion_active_icon\">\n                                        <!-- Active Icon -->\n\t\t\t\t\t\t\t\t\t\t<i class=\"icon icon-minus\"><\/i>                                    <\/div>\n                                <\/div>\n\n                            \n                                                    <\/a>\n                    <\/div>\n\n                    <div id=\"Collapse-451f67f69e615924cb3b\" class=\" collapse\" aria-labelledby=\"primaryHeading-6-dfddf6a\" data-parent=\"#accordion-69e615924cb3b\">\n\n                        <div class=\"elementskit-card-body ekit-accordion--content\">\n                            <p class=\"p1\">Nein, leider akzeptieren wir keine Haustiere in unserem Haus.<\/p>\n                        <\/div>\n\n                    <\/div>\n\n                <\/div><!-- .elementskit-card END -->\n\n                \n                <div class=\"elementskit-card \">\n                    <div class=\"elementskit-card-header\" id=\"primaryHeading-7-dfddf6a\">\n                        <a href=\"#collapse-19f87b569e615924cb3b\" class=\"ekit-accordion--toggler elementskit-btn-link collapsed\" data-ekit-toggle=\"collapse\" data-target=\"#Collapse-19f87b569e615924cb3b\" aria-expanded=\"false\" aria-controls=\"Collapse-19f87b569e615924cb3b\">\n                            \n                            <span class=\"ekit-accordion-title\">Verf\u00fcgen Sie \u00fcber eine Ladem\u00f6glichkeit f\u00fcr Elektrofahrzeuge?<\/span>\n\n                            \n                                <div class=\"ekit_accordion_icon_group\">\n                                    <div class=\"ekit_accordion_normal_icon\">\n                                        <!-- Normal Icon -->\n\t\t\t\t\t\t\t\t\t\t<i class=\"icon icon-plus\"><\/i>                                    <\/div>\n\n                                    <div class=\"ekit_accordion_active_icon\">\n                                        <!-- Active Icon -->\n\t\t\t\t\t\t\t\t\t\t<i class=\"icon icon-minus\"><\/i>                                    <\/div>\n                                <\/div>\n\n                            \n                                                    <\/a>\n                    <\/div>\n\n                    <div id=\"Collapse-19f87b569e615924cb3b\" class=\" collapse\" aria-labelledby=\"primaryHeading-7-dfddf6a\" data-parent=\"#accordion-69e615924cb3b\">\n\n                        <div class=\"elementskit-card-body ekit-accordion--content\">\n                            <p>Ja, wir stellen Ihnen eine Ladestation direkt auf unserem Privatparkplatz zur Verf\u00fcgung. Dieser Service ist ausschlie\u00dflich unseren G\u00e4sten vorbehalten, damit Sie jeden Morgen beruhigt aufbrechen k\u00f6nnen, um die Region zu erkunden.  <\/p>\n                        <\/div>\n\n                    <\/div>\n\n                <\/div><!-- .elementskit-card END -->\n\n                                        <\/div>\n    <\/div>\t\t\t\t<\/div>\n\t\t\t\t<\/div>\n\t\t\t\t<\/div>\n\t\t\t\t<\/div>\n\t\t\t\t<\/div>\n\t\t\t\t<\/div>\n\t\t\t\t\t\t<\/div>\n\t\t\t\t<\/div>\n\t\t\t\t\t<\/div>\n\t\t\t\t<\/div>\n\t\t\t\t<\/div>\n\t\t","protected":false},"excerpt":{"rendered":"<p>Artikel<\/p>\n","protected":false},"author":1,"featured_media":0,"parent":0,"menu_order":0,"comment_status":"closed","ping_status":"closed","template":"","meta":{"footnotes":""},"class_list":["post-1297","page","type-page","status-publish","hentry"],"aioseo_notices":[],"_links":{"self":[{"href":"https:\/\/villableuelespins.fr\/de\/wp-json\/wp\/v2\/pages\/1297","targetHints":{"allow":["GET"]}}],"collection":[{"href":"https:\/\/villableuelespins.fr\/de\/wp-json\/wp\/v2\/pages"}],"about":[{"href":"https:\/\/villableuelespins.fr\/de\/wp-json\/wp\/v2\/types\/page"}],"author":[{"embeddable":true,"href":"https:\/\/villableuelespins.fr\/de\/wp-json\/wp\/v2\/users\/1"}],"replies":[{"embeddable":true,"href":"https:\/\/villableuelespins.fr\/de\/wp-json\/wp\/v2\/comments?post=1297"}],"version-history":[{"count":2,"href":"https:\/\/villableuelespins.fr\/de\/wp-json\/wp\/v2\/pages\/1297\/revisions"}],"predecessor-version":[{"id":1302,"href":"https:\/\/villableuelespins.fr\/de\/wp-json\/wp\/v2\/pages\/1297\/revisions\/1302"}],"wp:attachment":[{"href":"https:\/\/villableuelespins.fr\/de\/wp-json\/wp\/v2\/media?parent=1297"}],"curies":[{"name":"wp","href":"https:\/\/api.w.org\/{rel}","templated":true}]}}